{"id":68,"date":"2016-07-15T20:17:17","date_gmt":"2016-07-15T18:17:17","guid":{"rendered":"http:\/\/strumien.even-art.com\/?page_id=68"},"modified":"2026-03-11T10:20:19","modified_gmt":"2026-03-11T09:20:19","slug":"kontakt-2","status":"publish","type":"page","link":"https:\/\/biblioteka-strumien.pl\/index.php\/kontakt-2\/","title":{"rendered":"KONTAKT"},"content":{"rendered":"<p style=\"text-align: center;\"><strong>MIEJSKA BIBLIOTEKA PUBLICZNA W STRUMIENIU<\/strong><br \/>\nul. M\u0142y\u0144ska 10<br \/>\n43-246 Strumie\u0144<br \/>\ntel. 33 85 70 045<\/p>\n<p style=\"text-align: center;\">adres e-dor\u0119cze\u0144:\u00a0 AE:PL-89589-22089-UTHRE-19<\/p>\n<p style=\"text-align: center;\">\ne-mail: <a href=\"mailto:biblioteka@um.strumien.pl\">biblioteka@um.strumien.pl<\/a><\/p>\n<p style=\"text-align: center;\"><strong>Godziny otwarcia:<\/strong><\/p>\n<p style=\"text-align: center;\">Poniedzia\u0142ek: 10.00 &#8211; 18.00<br \/>\nWtorek: 8.00 &#8211; 16.00<br \/>\n\u015aroda: 8.00 &#8211; 16.00<br \/>\nCzwartek: nieczynne<br \/>\nPi\u0105tek: 7.00 &#8211; 15.00<\/p>\n<p style=\"text-align: center;\">* \u00a0 * \u00a0 *<\/p>\n<p style=\"text-align: center;\"><strong>FILIA W DROGOMY\u015aLU<br \/>\n<\/strong>ul. Pocztowa 3<br \/>\n43-424 Drogomy\u015bl<br \/>\ntel. 33 85 72 361<\/p>\n<p style=\"text-align: center;\"><strong>Godziny otwarcia:<\/strong><\/p>\n<p style=\"text-align: center;\">Poniedzia\u0142ek: 8.00 &#8211; 12.00<br \/>\nWtorek: 13.00 &#8211; 17.00<br \/>\n\u015aroda: 8.00 &#8211; 12.00<br \/>\nCzwartek: 12.00 &#8211; 16.00<br \/>\nPi\u0105tek: 12.00 &#8211; 16.00<\/p>\n<p style=\"text-align: center;\">* \u00a0 * \u00a0 *<\/p>\n<p style=\"text-align: center;\"><strong>FILIA W PRUCHNEJ<br \/>\n<\/strong>ul. G\u0142\u00f3wna 53<br \/>\n43-523 Pruchna<br \/>\ntel. 33 85 73 577<\/p>\n<p style=\"text-align: center;\"><strong>Godziny otwarcia:<\/strong><\/p>\n<p style=\"text-align: center;\">Poniedzia\u0142ek: nieczynne<br \/>\nWtorek: 8.00 &#8211; 16.00<br \/>\n\u015aroda: 13.00 &#8211; 17.00<br \/>\nCzwartek: 8.30 &#8211; 12.30<br \/>\nPi\u0105tek: 7.30 &#8211; 11.30<\/p>\n<p style=\"text-align: center;\">* \u00a0 * \u00a0 *<\/p>\n<p style=\"text-align: center;\"><strong>FILIA W ZBYTKOWIE<br \/>\n<\/strong>ul. Wyzwolenia 52<br \/>\n43-246 Zbytk\u00f3w<br \/>\ntel. 33 85 70 379<\/p>\n<p style=\"text-align: center;\"><strong>Godziny otwarcia:<\/strong><\/p>\n<p style=\"text-align: center;\">Poniedzia\u0142ek: 8.00 &#8211; 16.00<br \/>\nWtorek: nieczynne<br \/>\n\u015aroda: 8.30 &#8211; 12.30<br \/>\nCzwartek: 13.00 &#8211; 17.00<br \/>\nPi\u0105tek: 12.00 &#8211; 16.00<\/p>\n<p>&nbsp;<\/p>\n<p style=\"text-align: center;\"><iframe loading=\"lazy\" style=\"border: 0;\" src=\"https:\/\/www.google.com\/maps\/embed?pb=!1m14!1m8!1m3!1d10277.089604678255!2d18.7597339!3d49.912462!3m2!1i1024!2i768!4f13.1!3m3!1m2!1s0x0%3A0xbab81d01e700ba39!2sBiblioteka%20Publiczna%20Miejska!5e0!3m2!1spl!2spl!4v1580814101688!5m2!1spl!2spl\" width=\"600\" height=\"450\" frameborder=\"0\" allowfullscreen=\"allowfullscreen\"><\/iframe><\/p>\n","protected":false},"excerpt":{"rendered":"<p>MIEJSKA BIBLIOTEKA PUBLICZNA W STRUMIENIU ul. M\u0142y\u0144ska 10 43-246 Strumie\u0144 tel. 33 85 70 045 adres e-dor\u0119cze\u0144:\u00a0 AE:PL-89589-22089-UTHRE-19 e-mail: biblioteka@um.strumien.pl<\/p>\n","protected":false},"author":1,"featured_media":0,"parent":0,"menu_order":0,"comment_status":"closed","ping_status":"closed","template":"","meta":{"colormag_page_container_layout":"default_layout","colormag_page_sidebar_layout":"default_layout","footnotes":""},"class_list":["post-68","page","type-page","status-publish","hentry"],"_links":{"self":[{"href":"https:\/\/biblioteka-strumien.pl\/index.php\/wp-json\/wp\/v2\/pages\/68","targetHints":{"allow":["GET"]}}],"collection":[{"href":"https:\/\/biblioteka-strumien.pl\/index.php\/wp-json\/wp\/v2\/pages"}],"about":[{"href":"https:\/\/biblioteka-strumien.pl\/index.php\/wp-json\/wp\/v2\/types\/page"}],"author":[{"embeddable":true,"href":"https:\/\/biblioteka-strumien.pl\/index.php\/wp-json\/wp\/v2\/users\/1"}],"replies":[{"embeddable":true,"href":"https:\/\/biblioteka-strumien.pl\/index.php\/wp-json\/wp\/v2\/comments?post=68"}],"version-history":[{"count":0,"href":"https:\/\/biblioteka-strumien.pl\/index.php\/wp-json\/wp\/v2\/pages\/68\/revisions"}],"wp:attachment":[{"href":"https:\/\/biblioteka-strumien.pl\/index.php\/wp-json\/wp\/v2\/media?parent=68"}],"curies":[{"name":"wp","href":"https:\/\/api.w.org\/{rel}","templated":true}]}}