{"id":60,"date":"2016-07-15T20:12:36","date_gmt":"2016-07-15T18:12:36","guid":{"rendered":"http:\/\/strumien.even-art.com\/?page_id=60"},"modified":"2016-07-15T20:12:36","modified_gmt":"2016-07-15T18:12:36","slug":"filie","status":"publish","type":"page","link":"https:\/\/www.biblioteka-strumien.pl\/index.php\/filie\/","title":{"rendered":"Filie"},"content":{"rendered":"<ul>\n<li style=\"text-align: justify;\"><strong>Filia w Drogomy\u015blu<\/strong><\/li>\n<li style=\"text-align: justify;\"><strong>Filia w Pruchnej<\/strong> &#8211;\u00a019 maja 2014r. w Miejskiej Bibliotece Publicznej w Strumieniu \u2013 filii w Pruchnej, odby\u0142y si\u0119 zaj\u0119cia sportowe z okazji Europejskiego Tygodnia Sportu. Tym razem do zabawy z kolorow\u0105 chust\u0105 \u201eKlanza\u201d zaproszone zosta\u0142y przedszkolaki z pobliskiego Zespo\u0142u Szk\u00f3\u0142 w Pruchnej. Dzieci bardzo ch\u0119tnie zaanga\u017cowa\u0142y si\u0119 w gry i zaj\u0119cia ruchowe.<\/li>\n<li style=\"text-align: justify;\"><strong>Filia w Zbytkowie<\/strong> &#8211;\u00a0Ksi\u0105\u017cka pt. \u201eWarto zajrze\u0107 do Gminy Strumie\u0144\u201d jest ju\u017c dost\u0119pna do wypo\u017cyczenia w Miejskiej Bibliotece Publicznej w Zbytkowie. Publikacja zosta\u0142a wsp\u00f3\u0142finansowana ze \u015brodk\u00f3w Europejskiego Funduszu Rolnego w ramach dzia\u0142ania 413 Wdra\u017canie Lokalnych Strategii Rozwoju dla ma\u0142ych projekt\u00f3w obj\u0119tego PROW 2007-2013. Zapraszamy do zapoznania si\u0119 z przygotowan\u0105 ksi\u0105\u017cka w gminnych bibliotekach.<\/li>\n<\/ul>\n","protected":false},"excerpt":{"rendered":"<p>Filia w Drogomy\u015blu Filia w Pruchnej &#8211;\u00a019 maja 2014r. w Miejskiej Bibliotece Publicznej w Strumieniu \u2013 filii w Pruchnej, odby\u0142y si\u0119 zaj\u0119cia sportowe z okazji Europejskiego Tygodnia Sportu. Tym razem&#8230;<\/p>\n","protected":false},"author":1,"featured_media":0,"parent":0,"menu_order":0,"comment_status":"closed","ping_status":"closed","template":"","meta":{"ngg_post_thumbnail":0,"_kad_post_transparent":"","_kad_post_title":"","_kad_post_layout":"","_kad_post_sidebar_id":"","_kad_post_content_style":"","_kad_post_vertical_padding":"","_kad_post_feature":"","_kad_post_feature_position":"","_kad_post_header":false,"_kad_post_footer":false,"_kad_post_classname":"","footnotes":""},"class_list":["post-60","page","type-page","status-publish","hentry"],"_links":{"self":[{"href":"https:\/\/www.biblioteka-strumien.pl\/index.php\/wp-json\/wp\/v2\/pages\/60","targetHints":{"allow":["GET"]}}],"collection":[{"href":"https:\/\/www.biblioteka-strumien.pl\/index.php\/wp-json\/wp\/v2\/pages"}],"about":[{"href":"https:\/\/www.biblioteka-strumien.pl\/index.php\/wp-json\/wp\/v2\/types\/page"}],"author":[{"embeddable":true,"href":"https:\/\/www.biblioteka-strumien.pl\/index.php\/wp-json\/wp\/v2\/users\/1"}],"replies":[{"embeddable":true,"href":"https:\/\/www.biblioteka-strumien.pl\/index.php\/wp-json\/wp\/v2\/comments?post=60"}],"version-history":[{"count":0,"href":"https:\/\/www.biblioteka-strumien.pl\/index.php\/wp-json\/wp\/v2\/pages\/60\/revisions"}],"wp:attachment":[{"href":"https:\/\/www.biblioteka-strumien.pl\/index.php\/wp-json\/wp\/v2\/media?parent=60"}],"curies":[{"name":"wp","href":"https:\/\/api.w.org\/{rel}","templated":true}]}}