{"id":53,"date":"2016-07-15T20:07:25","date_gmt":"2016-07-15T18:07:25","guid":{"rendered":"http:\/\/strumien.even-art.com\/?page_id=53"},"modified":"2021-07-26T11:07:38","modified_gmt":"2021-07-26T09:07:38","slug":"o-bibliotece","status":"publish","type":"page","link":"https:\/\/biblioteka-strumien.pl\/index.php\/o-bibliotece\/","title":{"rendered":"O BIBLIOTECE"},"content":{"rendered":"<p style=\"text-align: justify;\"><a href=\"http:\/\/biblioteka.strumien.pl\/wp-content\/uploads\/2016\/01\/biblio_008.jpg\" target=\"_blank\" rel=\"noopener noreferrer\"><img loading=\"lazy\" decoding=\"async\" class=\"alignright wp-image-230 size-full\" src=\"http:\/\/biblioteka.strumien.pl\/wp-content\/uploads\/2016\/01\/biblio_008-e1454287511988.jpg\" alt=\"Zdj\u0119cie przedstawia tablic\u0119 umieszczon\u0105 w Wypo\u017cyczalni\" width=\"200\" height=\"300\" data-id=\"230\" \/><\/a>Miejska Biblioteka Publiczna w Strumieniu stanowi samodzieln\u0105 jednostk\u0119 organizacyjn\u0105, dzia\u0142aj\u0105c\u0105 zgodnie z ustaw\u0105 o bibliotekach na podstawie nadanego jej statutu. Sie\u0107 Miejskiej Biblioteki Publicznej tworz\u0105:<\/p>\n<ul style=\"text-align: justify;\">\n<li>Wypo\u017cyczalnia dla doros\u0142ych,<\/li>\n<li>Oddzia\u0142 dla dzieci,<\/li>\n<li>Czytelnia internetowo-czasopi\u015bmienna,<\/li>\n<li>Czytelnia og\u00f3lna,<\/li>\n<li>Filia w Drogomy\u015blu,<\/li>\n<li>Filia w Pruchnej,<\/li>\n<li>Filia w Zbytkowie.<\/li>\n<\/ul>\n<p style=\"text-align: justify;\">Miejska Biblioteka Publiczna s\u0142u\u017cy rozwijaniu i zaspokajaniu potrzeb czytelniczych. Jest po\u015brednikiem w upowszechnianiu wiedzy i kultury. Do g\u0142\u00f3wnych zada\u0144 nale\u017c\u0105 gromadzenie, opracowywanie, udost\u0119pnianie, przechowywanie i ochrona materia\u0142\u00f3w bibliotecznych. Biblioteka posiada zbiory uniwersalne ze wszystkich dziedzin, dobrane pod k\u0105tem poziomu wykszta\u0142cenia i wiedzy og\u00f3lnej u\u017cytkownik\u00f3w. Prawa i warunki korzystania z Biblioteki okre\u015bla regulamin udost\u0119pniania zbior\u00f3w.<\/p>\n<p style=\"text-align: justify;\"><a href=\"http:\/\/biblioteka.strumien.pl\/wp-content\/uploads\/2016\/01\/biblio_003.jpg\" target=\"_blank\" rel=\"noopener noreferrer\"><img loading=\"lazy\" decoding=\"async\" class=\"wp-image-231 size-full alignright\" src=\"http:\/\/biblioteka.strumien.pl\/wp-content\/uploads\/2016\/01\/biblio_003-e1454287569438.jpg\" alt=\"Zdj\u0119cia przedstawia pracowni\u0119 informatyczn\u0105\" width=\"200\" height=\"133\" data-id=\"231\" \/><\/a>Biblioteka prowadzi r\u00f3wnie\u017c dzia\u0142alno\u015b\u0107 informacyjn\u0105, do kt\u00f3rej wykorzystuje ksi\u0119gozbi\u00f3r w\u0142asny, sporadycznie wypo\u017cyczony z innych bibliotek w ramach wypo\u017cycze\u0144 mi\u0119dzybibliotecznych, czasopisma bie\u017c\u0105ce oraz Internet. Biblioteka w Strumieniu ma do dyspozycji u\u017cytkownik\u00f3w:<\/p>\n<ul style=\"text-align: justify;\">\n<li>5 komputer\u00f3w<\/li>\n<\/ul>\n<p style=\"text-align: justify;\">a tak\u017ce:<\/p>\n<ul style=\"text-align: justify;\">\n<li>1 komputer Filia w Drogomy\u015blu,<\/li>\n<li>1 komputer Filia w Zbytkowie,<\/li>\n<li>1 komputer Filia w Pruchnej.<\/li>\n<\/ul>\n<p style=\"text-align: justify;\">Biblioteka posiada specjalistyczne oprogramowanie MATEUSZ, dzi\u0119ki kt\u00f3remu tworzona jest baza danych (katalogi).<\/p>\n<p style=\"text-align: justify;\"><a href=\"http:\/\/biblioteka.strumien.pl\/wp-content\/uploads\/2016\/01\/biblio_006.jpg\" target=\"_blank\" rel=\"noopener noreferrer\"><img loading=\"lazy\" decoding=\"async\" class=\"wp-image-232 size-full alignleft\" src=\"http:\/\/biblioteka.strumien.pl\/wp-content\/uploads\/2016\/01\/biblio_006-e1454287616424.jpg\" alt=\"Zdj\u0119cie przedstawia zabawki umieszczone w Oddziale dla dzieci\" width=\"200\" height=\"133\" data-id=\"232\" \/><\/a>Opr\u00f3cz dzia\u0142alno\u015bci ustawowej, biblioteka przez ca\u0142y okres swego istnienia (poprzez bogaty wachlarz inicjatyw) prowadzi szeroko zakrojon\u0105 dzia\u0142alno\u015b\u0107 kulturalno-o\u015bwiatow\u0105 (od przedszkolak\u00f3w do emeryt\u00f3w), celnie wpisuj\u0105c\u0105 si\u0119 w strategi\u0119 gminy. Co roku w bibliotece g\u0142\u00f3wnej i filiach organizowane s\u0105 zaj\u0119cia wakacyjne i ferie zimowe dla dzieci. Plac\u00f3wki przygotowuj\u0105 liczne konkursy, gry, zabawy oraz wystawy. Dzieci ucz\u0105 si\u0119 obcowania z ksi\u0105\u017ck\u0105 poprzez s\u0142uchanie bajek czy rysowanie ulubionych bohater\u00f3w ksi\u0105\u017ckowych. We wszystkich agendach organizowane s\u0105 lekcje biblioteczne i wycieczki maj\u0105ce na celu zapoznanie z prac\u0105 i dzia\u0142alno\u015bci\u0105 bibliotek. Biblioteka ka\u017cdego roku aktywnie wsp\u00f3\u0142uczestniczy w obchodach \u201eTygodnia Bibliotek\u201d i w\u0142\u0105cza si\u0119 do og\u00f3lnopolskich i powiatowych akcji, np. \u201eCa\u0142a Polska czyta dzieciom\u201d. W bibliotece g\u0142\u00f3wnej oraz w filiach organizowane s\u0105 spotkania autorskie ze znanymi pisarzami, ilustratorami, muzykami, prelekcje oraz koncerty muzyczne. Do sta\u0142ych form dzia\u0142alno\u015bci kulturalnej wchodz\u0105 te\u017c wystawy fotograficzne, malarskie i tematyczne. Biblioteka przygotowuje r\u00f3wnie\u017c konkursy, promocje ksi\u0105\u017cek, wieczory poezji, warsztaty drukarskie, taneczne, plastyczne i inne. Ciekaw\u0105 i charakterystyczn\u0105 form\u0105 dzia\u0142alno\u015bci Oddzia\u0142u dla Dzieci s\u0105 imprezy okoliczno\u015bciowe, przygotowywane z okazji Dnia Dziecka, Dnia Matki, Andrzejek, a tak\u017ce zwi\u0105zane z porami roku. Maj\u0105 one zawsze barwn\u0105 i interesuj\u0105c\u0105 opraw\u0119. Poprzez r\u00f3\u017cne formy pracy z dzie\u0107mi (wykonywanie palm, pisanek, ozd\u00f3b \u015bwi\u0105tecznych itp.) podtrzymuje tradycje i obrz\u0119dy \u015bwi\u0105teczne. Rocznie organizowanych jest oko\u0142o 120 imprez, w kt\u00f3rych uczestniczy oko\u0142o 2000 czytelnik\u00f3w.<\/p>\n<p style=\"text-align: justify;\">Biblioteka w Strumieniu, wraz ze swoimi filiami, wsp\u00f3\u0142pracuje z wieloma instytucjami: Domem Pomocy Spo\u0142ecznej, przedszkolami, szko\u0142ami podstawowymi, gimnazjum. Wychodz\u0105c naprzeciw potrzebom czytelnik\u00f3w, biblioteka zaproponowa\u0142a now\u0105 form\u0119 pracy pn. \u201eKsi\u0105\u017cka na telefon\u201d dla os\u00f3b starszych i niepe\u0142nosprawnych.<\/p>\n<p style=\"text-align: justify;\"><a href=\"http:\/\/biblioteka.strumien.pl\/wp-content\/uploads\/2016\/01\/biblio_004.jpg\" target=\"_blank\" rel=\"noopener noreferrer\"><img loading=\"lazy\" decoding=\"async\" class=\"wp-image-233 size-full alignright\" src=\"http:\/\/biblioteka.strumien.pl\/wp-content\/uploads\/2016\/01\/biblio_004-e1454287653627.jpg\" alt=\"Zdj\u0119cie przedstawia komputery dost\u0119pne w bibliotece\" width=\"200\" height=\"133\" data-id=\"233\" \/><\/a>W 2008 roku Biblioteka powi\u0119kszy\u0142a si\u0119 o dwa pomieszczenia: pierwsze zaadoptowano na czytelni\u0119 intrnetowo-czasopi\u015bmienn\u0105, za\u015b drugie na ubikacj\u0119 dla os\u00f3b niepe\u0142nosprawnych. Zakupiono r\u00f3wnie\u017c nowe meble biblioteczne. W 2009 roku biblioteka zaj\u0119\u0142a pierwsze miejsce w konkursie BIBLIOTEKA PLUS, zorganizowanym przez Bibliotek\u0119 Miejsk\u0105 w Cieszynie pod patronatem Starosty Cieszy\u0144skiego na najlepsz\u0105 Bibliotek\u0119 Powiatu Cieszy\u0144skiego.<\/p>\n<p style=\"text-align: justify;\">W 2012 roku, w ramach projektu \u201eTermomodernizacja przedszkola przy ul. M\u0142y\u0144skiej w Strumieniu\u201d, w bibliotece przeprowadzono gruntowny remont. Ca\u0142kiem nowe oblicze biblioteki urzeka swoj\u0105 estetyk\u0105 i niew\u0105tpliwie staje si\u0119 wizyt\u00f3wk\u0105 miasta, a tak\u017ce miejscem, gdzie przyjemnie jest pracowa\u0107, uczy\u0107 si\u0119 i oddawa\u0107 si\u0119 pasji czytelniczej.<\/p>\n<p style=\"text-align: justify;\"><a href=\"http:\/\/biblioteka.strumien.pl\/wp-content\/uploads\/2016\/01\/biblio_002.jpg\" target=\"_blank\" rel=\"noopener noreferrer\"><img loading=\"lazy\" decoding=\"async\" class=\"wp-image-234 size-full alignleft\" src=\"http:\/\/biblioteka.strumien.pl\/wp-content\/uploads\/2016\/01\/biblio_002-e1454287687791.jpg\" alt=\"Zdj\u0119cie przedstawia wn\u0119trze Czytelni\" width=\"200\" height=\"133\" data-id=\"234\" \/><\/a>Biblioteka w ci\u0105gu 60 letniej dzia\u0142alno\u015bci ewoluuowa\u0142a, dostosowuj\u0105c zakres oraz formy dzia\u0142ania do potrzeb lokalnego \u015brodowiska, reali\u00f3w zmieniaj\u0105cego si\u0119 \u015bwiata oraz w\u0142asnych mo\u017cliwo\u015bci finansowych. Stanowi bardzo wa\u017cne ogniwo infrastruktury kultury, o\u015bwiaty i gospodarki. Wspomaga szeroko rozumian\u0105 edukacj\u0119 spo\u0142eczn\u0105. Jako lokalny o\u015brodek informacji, stara si\u0119 zapewni\u0107 spo\u0142ecze\u0144stwu szeroki dost\u0119p do wiedzy i wszelkiego rodzaju informacji lokalnej oraz promuje ksi\u0105\u017ck\u0119 i czytelnictwo. Uniwersalny charakter zbior\u00f3w bibliotecznych i jego systematyczne uzupe\u0142nianie sprzyja zaspokajaniu potrzeb u\u017cytkownik\u00f3w r\u00f3\u017cnych grup wiekowych i r\u00f3\u017cnych zawod\u00f3w. Tych wszystkich spraw na pewno nie da\u0142oby si\u0119 ud\u017awign\u0105\u0107, gdyby nie przychylno\u015b\u0107 wielu os\u00f3b, a szczeg\u00f3lnie w\u0142adz samorz\u0105dowych gminy. Dla biblioteki najwa\u017cniejsi s\u0105 czytelnicy, kt\u00f3rzy tak ch\u0119tnie do nas przychodz\u0105, korzystaj\u0105 ze zbior\u00f3w i s\u0105 motorem do dalszej pracy.<\/p>\n<p style=\"text-align: justify;\"><a href=\"http:\/\/biblioteka.strumien.pl\/wp-content\/uploads\/2016\/01\/biblio_001.jpg\" target=\"_blank\" rel=\"noopener noreferrer\"><img loading=\"lazy\" decoding=\"async\" class=\"wp-image-235 size-full alignright\" src=\"http:\/\/biblioteka.strumien.pl\/wp-content\/uploads\/2016\/01\/biblio_001-e1454287725692.jpg\" alt=\"Zdj\u0119cie przedstawia ksi\u0105\u017cki umieszczone na jednym z rega\u0142\u00f3w\" width=\"200\" height=\"133\" data-id=\"235\" \/><\/a>Ksi\u0119gozbi\u00f3r MBP w Strumieniu, wraz z filiami, wynosi 49545 wolumin\u00f3w, 257 ksi\u0105\u017cek m\u00f3wionych oraz 20 e- book\u00f3w, 62 tytu\u0142y czasopism i gazet. Do dyspozycji dzieci s\u0105 r\u00f3wnie\u017c gry planszowe, ksi\u0105\u017ceczki zabawki i zabawki dla dzieci najm\u0142odszych.<\/p>\n<p style=\"text-align: justify;\">Bibliotek\u0119 obs\u0142uguje 7\u00a0 bibliotekarzy:<\/p>\n<ul>\n<li style=\"text-align: justify;\">Danuta Jab\u0142o\u0144ska &#8211; dyrektor,<\/li>\n<li style=\"text-align: justify;\">Karolina Brandys &#8211; wypo\u017cyczalnia dla doros\u0142ych,<\/li>\n<li style=\"text-align: justify;\">Paulina Kumorek &#8211; czytelnia og\u00f3lna i internetowo-czasopi\u015bmienna,<\/li>\n<li style=\"text-align: justify;\">Izabela Czy\u017c &#8211; Oddzia\u0142 dla Dzieci,<\/li>\n<li style=\"text-align: justify;\">Krzysztofa Danel &#8211; Filia w Drogomy\u015blu,<\/li>\n<li style=\"text-align: justify;\">Agnieszka \u017burat &#8211; Filia w Pruchnej,<\/li>\n<li style=\"text-align: justify;\">Katarzyna Mazgaj &#8211; Filia w Zbytkowie.<\/li>\n<\/ul>\n<p>&nbsp;<\/p>\n<p>Administratorem Danych Osobowych (Administratorem) jest <strong>MIEJSKA BIBLIOTEKA PUBLICZNA W STRUMIENIU, <\/strong>ul. M\u0142y\u0144ska 10, 43-246 Strumie\u0144, tel. 33 85 70 045, e-mail: biblioteka@um.strumien.pl<\/p>\n<p>Dane osobowe s\u0105 przetwarzane przez Administratora:<\/p>\n<ol start=\"27\">\n<li>w celu wypo\u017cyczania ksi\u0105\u017cek zgodnie z Ustaw\u0105 z dnia 27.06.1997 r o bibliotekach;<\/li>\n<li>gdy jest to niezb\u0119dne do wykonywania zadania realizowanego w interesie publicznym;<\/li>\n<li>na podstawie zgody \u2013 wy\u0142\u0105cznie w celu wskazanym w tre\u015bci udzielonej zgody.<\/li>\n<\/ol>\n<p>Dane osobowe b\u0119d\u0105 przechowywane przez okres wynikaj\u0105cy z przepis\u00f3w prawa, umowy oraz po zako\u0144czeniu umowy w celu wype\u0142nienia obowi\u0105zku prawnego ci\u0105\u017c\u0105cego na Administratorze. Ka\u017cda osoba, kt\u00f3rej dane dotycz\u0105 ma prawo dost\u0119pu do tre\u015bci swoich danych, ich sprostowania, pobrania, usuni\u0119cia, ograniczenia przetwarzania, prawo do przenoszenia danych, prawo do wniesienia sprzeciwu, prawo do cofni\u0119cia zgody w dowolnym momencie. Osoba, kt\u00f3rej dane dotycz\u0105 ma prawo do wniesienia skargi do Organu Kontroluj\u0105cego, gdy uzna, i\u017c przetwarzanie danych osobowych jej dotycz\u0105cych narusza przepisy og\u00f3lnego rozporz\u0105dzenia o ochronie danych osobowych z dnia 27 kwietnia 2016 roku. Dane b\u0119d\u0105 przekazywane innym odbiorcom wy\u0142\u0105cznie w przypadku wyst\u0105pienia obowi\u0105zku prawnego.\u00a0Dane nie b\u0119d\u0105 przekazywane do pa\u0144stw trzecich.<\/p>\n","protected":false},"excerpt":{"rendered":"<p>Miejska Biblioteka Publiczna w Strumieniu stanowi samodzieln\u0105 jednostk\u0119 organizacyjn\u0105, dzia\u0142aj\u0105c\u0105 zgodnie z ustaw\u0105 o bibliotekach na podstawie nadanego jej statutu.<\/p>\n","protected":false},"author":1,"featured_media":0,"parent":0,"menu_order":0,"comment_status":"closed","ping_status":"closed","template":"","meta":{"colormag_page_container_layout":"default_layout","colormag_page_sidebar_layout":"default_layout","footnotes":""},"class_list":["post-53","page","type-page","status-publish","hentry"],"_links":{"self":[{"href":"https:\/\/biblioteka-strumien.pl\/index.php\/wp-json\/wp\/v2\/pages\/53","targetHints":{"allow":["GET"]}}],"collection":[{"href":"https:\/\/biblioteka-strumien.pl\/index.php\/wp-json\/wp\/v2\/pages"}],"about":[{"href":"https:\/\/biblioteka-strumien.pl\/index.php\/wp-json\/wp\/v2\/types\/page"}],"author":[{"embeddable":true,"href":"https:\/\/biblioteka-strumien.pl\/index.php\/wp-json\/wp\/v2\/users\/1"}],"replies":[{"embeddable":true,"href":"https:\/\/biblioteka-strumien.pl\/index.php\/wp-json\/wp\/v2\/comments?post=53"}],"version-history":[{"count":0,"href":"https:\/\/biblioteka-strumien.pl\/index.php\/wp-json\/wp\/v2\/pages\/53\/revisions"}],"wp:attachment":[{"href":"https:\/\/biblioteka-strumien.pl\/index.php\/wp-json\/wp\/v2\/media?parent=53"}],"curies":[{"name":"wp","href":"https:\/\/api.w.org\/{rel}","templated":true}]}}