{"id":15445,"date":"2020-02-02T08:36:36","date_gmt":"2020-02-02T07:36:36","guid":{"rendered":"http:\/\/biblioteka-strumien.pl\/?page_id=15445"},"modified":"2026-03-11T10:15:05","modified_gmt":"2026-03-11T09:15:05","slug":"dekl","status":"publish","type":"page","link":"https:\/\/biblioteka-strumien.pl\/index.php\/dekl\/","title":{"rendered":"DEKLARACJA DOST\u0118PNO\u015aCI"},"content":{"rendered":"<h1><strong>Deklaracja dost\u0119pno\u015bci<br \/>\n<\/strong><\/h1>\n<p><strong><b>Stan dost\u0119pno\u015bci cyfrowej\u00a0\u00a0<\/b><\/strong><strong><u><b>Biblioteka Publiczna w Strumieniu<\/b><\/u><\/strong><\/p>\n<section id=\"a11y-wstep\"><b>WST\u0118P DEKLARACJI<\/b><\/section>\n<section><span id=\"a11y-podmiot\">Miejska Biblioteka Publiczna w Strumieniu<\/span> zobowi\u0105zuje si\u0119 zapewni\u0107 dost\u0119pno\u015b\u0107 swojej <span id=\"a11y-zakres\">strony internetowej<\/span> zgodnie z przepisami ustawy z dnia 4 kwietnia 2019 r. o dost\u0119pno\u015bci cyfrowej stron internetowych i aplikacji mobilnych podmiot\u00f3w publicznych.O\u015bwiadczenie w sprawie dost\u0119pno\u015bci ma zastosowanie do strony internetowej <a id=\"a11y-url\" style=\"color: #333333;\" href=\"http:\/\/www.biblioteka-strumien.pl\">serwisu internetowego Biblioteki Publicznej w Strumieniu<\/a><\/section>\n<p>Data publikacji strony internetowej: <time id=\"a11y-data-publikacja\" datetime=\"2016-02-01\">1 Luty 2016 r.<\/time><\/p>\n<p>Data ostatniej istotnej aktualizacji: <time id=\"a11y-data-aktualizacja\" datetime=\"2019-12-20\">20 Grudnia 2019 r.<\/time><\/p>\n<h2><strong><b>Stan dost\u0119pno\u015bci cyfrowej<\/b><\/strong><\/h2>\n<p id=\"a11y-status\">Ta strona internetowa jest cz\u0119\u015bciowo zgodna z za\u0142\u0105cznikiem do ustawy o dost\u0119pno\u015bci cyfrowej z dnia 4\u00a0kwietnia 2019 r. o dost\u0119pno\u015bci cyfrowej stron internetowych i\u00a0aplikacji mobilnych podmiot\u00f3w publicznych z powodu [niezgodno\u015bci i\u00a0wy\u0142\u0105cze\u0144] wymienionych poni\u017cej.<\/p>\n<h2 align=\"JUSTIFY\">Niedost\u0119pne tre\u015bci<\/h2>\n<ol>\n<li>cz\u0119\u015b\u0107 z opublikowanych zdj\u0119\u0107 nie posiada opis\u00f3w meta,<\/li>\n<li>filmy nie posiadaj\u0105 napis\u00f3w dla os\u00f3b g\u0142uchych,<\/li>\n<li>cz\u0119\u015b\u0107 plik\u00f3w nie jest dost\u0119pnych cyfrowo.<\/li>\n<\/ol>\n<p>Wy\u0142\u0105czenia:<\/p>\n<ol>\n<li>\u00a0mapy s\u0105 wy\u0142\u0105czone z obowi\u0105zku zapewnienia dost\u0119pno\u015bci,<\/li>\n<\/ol>\n<h2>Przygotowanie deklaracji dost\u0119pno\u015bci<\/h2>\n<ul>\n<li>Data sporz\u0105dzenia deklaracji:<time id=\"a11y-data-sporzadzenie\" datetime=\"2020-09-18\">\u00a0\u00a0\u00a0\u00a0\u00a0\u00a0\u00a0\u00a0\u00a0 \u00a0 \u00a0 \u00a0 \u00a0 \u00a0\u00a0\u00a0\u00a0\u00a0\u00a0\u00a0\u00a0\u00a0\u00a0\u00a0 18 wrze\u015bnia 2020 roku<\/time><\/li>\n<li>Data ostatniego przegl\u0105du i aktualizacji deklaracji: 11<time id=\"a11y-data-przeglad\" datetime=\"2026-03-11\"> marca 2026 roku.<\/time><\/li>\n<\/ul>\n<p>Deklaracj\u0119 sporz\u0105dzili\u015bmy na podstawie samooceny w oparciu o\u00a0<a href=\"https:\/\/www.gov.pl\/attachment\/1a3e2bb5-6d60-4897-ac2f-07a8e91e70ed\">List\u0119 kontroln\u0105 do badania dost\u0119pno\u015bci cyfrowej strony internetowej v. 2.2 (docx, 0,12MB)<\/a>.<\/p>\n<h2>Udogodnienia, ograniczenia i inne informacje<\/h2>\n<p><strong>INFORMACJA DLA U\u017bYTKOWNIK\u00d3W NIEPE\u0141NOSPRAWNYCH <\/strong><\/p>\n<ul>\n<li>U\u017cytkownicy korzystaj\u0105cy wy\u0142\u0105cznie z klawiatury mog\u0105 swobodnie porusza\u0107 si\u0119 po serwisie za pomoc\u0105 klawisza TAB.<\/li>\n<li>Nawigacja jest te\u017c przyjazna dla os\u00f3b niewidomych dzi\u0119ki unikalnym tytu\u0142om podstron i porz\u0105dkuj\u0105cej funkcji nag\u0142\u00f3wk\u00f3w.<\/li>\n<li>W ca\u0142ym serwisie w\u0142\u0105czony jest tzw. fokus, czyli domy\u015blne oznaczenie aktywnego linka czy pola formularza. Fokus przemieszcza si\u0119 po wszystkich widocznych elementach aktywnych strony w logicznej kolejno\u015bci \u2013 klawisz TAB.<\/li>\n<li>Linki \u2013 tak\u017ce te prowadz\u0105ce do serwis\u00f3w zewn\u0119trznych \u2013 otwieraj\u0105 si\u0119 w tym samym oknie.<\/li>\n<li>Kontrast tekstu do t\u0142a \u2013 dzi\u0119ki temu materia\u0142y osadzone na stronie s\u0105 czytelne tak\u017ce dla os\u00f3b s\u0142abiej widz\u0105cych.<\/li>\n<li>Teksty pisane s\u0105 zrozumia\u0142ym j\u0119zykiem oraz formatowane w spos\u00f3b zgodny z zasadami dost\u0119pno\u015bci.\u00a0Konsekwentna nawigacja \u2013 sp\u00f3jna i logiczna;<\/li>\n<li><strong>Serwis jest wyposa\u017cony w mechanizmy u\u0142atwiaj\u0105ce przegl\u0105danie tre\u015bci przez osoby niedowidz\u0105ce nie korzystaj\u0105ce\u00a0z technologii asystuj\u0105cych:<\/strong>\n<ul>\n<li>zmiana wielko\u015bci czcionki,<\/li>\n<li>zmiana kontrast<strong><br \/>\n<\/strong><\/li>\n<\/ul>\n<\/li>\n<\/ul>\n<h2 align=\"left\">Informacje zwrotne i dane kontaktowe<\/h2>\n<p>W przypadku problem\u00f3w z dost\u0119pno\u015bci\u0105 strony internetowej prosimy o kontakt pod adresem <span id=\"a11y-kontakt\">poczty elektronicznej:<\/span>\u00a0<a id=\"a11y-email\" href=\"mailto:biblioteka@um.strumien.pl\">biblioteka@um.strumien.pl<\/a><\/p>\n<p>Kontaktowa\u0107 mo\u017cna si\u0119 tak\u017ce dzwoni\u0105c na numer telefonu <a id=\"a11y-telefon\" href=\"tel:+48338570045\">33 85 70 045<\/a>.<\/p>\n<p>T\u0105 sam\u0105 drog\u0105 mo\u017cna sk\u0142ada\u0107 wnioski o udost\u0119pnienie informacji niedost\u0119pnej oraz sk\u0142ada\u0107 skargi na brak zapewnienia dost\u0119pno\u015bci.<\/p>\n<section id=\"a11y-procedura\">\n<h2 align=\"JUSTIFY\">Obs\u0142uga wniosk\u00f3w i skarg zwi\u0105zanych z dost\u0119pno\u015bci\u0105<\/h2>\n<p><strong>PROCEDURA<\/strong><\/p>\n<p>Ka\u017cdy ma prawo do wyst\u0105pienia z \u017c\u0105daniem zapewnienia dost\u0119pno\u015bci cyfrowej strony internetowej, aplikacji mobilnej lub jakiego\u015b ich elementu. Mo\u017cna tak\u017ce za\u017c\u0105da\u0107 udost\u0119pnienia informacji za pomoc\u0105 alternatywnego sposobu dost\u0119pu, na przyk\u0142ad przez odczytanie niedost\u0119pnego cyfrowo dokumentu, opisanie zawarto\u015bci filmu bez audiodeskrypcji itp. \u017b\u0105danie powinno zawiera\u0107 dane osoby zg\u0142aszaj\u0105cej \u017c\u0105danie, wskazanie, o kt\u00f3r\u0105 stron\u0119 internetow\u0105 lub aplikacj\u0119 mobiln\u0105 chodzi oraz spos\u00f3b kontaktu. Je\u017celi osoba \u017c\u0105daj\u0105ca zg\u0142asza potrzeb\u0119 otrzymania informacji za pomoc\u0105 alternatywnego sposobu dost\u0119pu, powinna tak\u017ce okre\u015bli\u0107 dogodny dla niej spos\u00f3b przedstawienia tej informacji. Podmiot publiczny powinien zrealizowa\u0107 \u017c\u0105danie niezw\u0142ocznie, nie p\u00f3\u017aniej ni\u017c w ci\u0105gu 7 dni od dnia wyst\u0105pienia z \u017c\u0105daniem.<\/p>\n<p>Je\u017celi dotrzymanie tego terminu nie jest mo\u017cliwe, podmiot publiczny niezw\u0142ocznie informuje o tym wnosz\u0105cego \u017c\u0105danie, kiedy realizacja \u017c\u0105dania b\u0119dzie mo\u017cliwa, przy czym termin ten nie mo\u017ce by\u0107 d\u0142u\u017cszy ni\u017c 2 miesi\u0105ce od dnia wyst\u0105pienia z \u017c\u0105daniem. Je\u017celi zapewnienie dost\u0119pno\u015bci cyfrowej nie jest mo\u017cliwe, podmiot publiczny mo\u017ce zaproponowa\u0107 alternatywny spos\u00f3b dost\u0119pu do informacji. W przypadku, gdy podmiot publiczny odm\u00f3wi realizacji \u017c\u0105dania zapewnienia dost\u0119pno\u015bci lub alternatywnego sposobu dost\u0119pu do informacji, wnosz\u0105cy \u017c\u0105danie mo\u017cne z\u0142o\u017cy\u0107 skarg\u0119 w sprawie zapewniana dost\u0119pno\u015bci cyfrowej strony internetowej, aplikacji mobilnej lub elementu strony internetowej, lub aplikacji mobilnej. Po wyczerpaniu wskazanej wy\u017cej procedury mo\u017cna tak\u017ce z\u0142o\u017cy\u0107 wniosek do <a href=\"https:\/\/www.rpo.gov.pl\/content\/jak-zglosic-sie-do-rzecznika-praw-obywatelskich\">Rzecznika Praw Obywatelskich<\/a>.<\/p>\n<p>&nbsp;<\/p>\n<\/section>\n<h2 align=\"JUSTIFY\">Pozosta\u0142e informacje<\/h2>\n<section id=\"a11y-architektura\">\n<h3>Dost\u0119pno\u015b\u0107 architektoniczna<\/h3>\n<p><strong>Miejska Biblioteka Publiczna w Strumieniu przy ul. M\u0142y\u0144skie 10.<\/strong><\/p>\n<ul>\n<li>Zarz\u0105dc\u0105 budynku jest Przedszkole w Strumieniu.<\/li>\n<li>G\u0142\u00f3wna siedziba biblioteki zlokalizowana jest na poziomie niskiego parteru, co u\u0142atwia wjazd w\u00f3zkom inwalidzkim.<\/li>\n<li>Nad wej\u015bciami nie ma g\u0142o\u015bnik\u00f3w naprowadzaj\u0105cych d\u017awi\u0119kowo osoby niewidome i s\u0142abowidz\u0105ce.<\/li>\n<li>W bibliotece znajduje si\u0119 toaleta dla os\u00f3b niepe\u0142nosprawnych.<\/li>\n<li>Przed budynkiem brak wyznaczonego miejsca parkingowego dla os\u00f3b z niepe\u0142nosprawno\u015bciami.<\/li>\n<li>Do budynku i wszystkich jego pomieszcze\u0144 mo\u017cna wej\u015b\u0107 z psem asystuj\u0105cym i psem przewodnikiem.<\/li>\n<li>W budynku nie ma oznacze\u0144 w alfabecie brajla ani oznacze\u0144 kontrastowych lub w druku powi\u0119kszonym dla os\u00f3b niewidomych i s\u0142abowidz\u0105cych.<\/li>\n<li>Brak mo\u017cliwo\u015bci skorzystania z bezp\u0142atnych us\u0142ug t\u0142umacza migowego.<\/li>\n<\/ul>\n<p>&nbsp;<\/p>\n<p><strong>Filia w Drogomy\u015blu przy ul. Pocztowej 3 w Drogomy\u015blu<\/strong><\/p>\n<p>&nbsp;<\/p>\n<ul>\n<li>Zarz\u0105dc\u0105 budynku jest Zak\u0142ad Gospodarki Komunalnej i Mieszkaniowej w Strumieniu.<\/li>\n<li>Do budynku prowadz\u0105 jedno wej\u015bcie.<\/li>\n<li>Do budynku prowadz\u0105 schody.<\/li>\n<li>Nad wej\u015bciami nie ma g\u0142o\u015bnik\u00f3w naprowadzaj\u0105cych d\u017awi\u0119kowo osoby niewidome i s\u0142abowidz\u0105ce.<\/li>\n<li>Budynek nie ma dost\u0119pu dla os\u00f3b na w\u00f3zkach.<\/li>\n<li>W budynku nie ma toalety dla os\u00f3b niepe\u0142nosprawnych.<\/li>\n<li>W budynku nie ma oznacze\u0144 w alfabecie brajla ani oznacze\u0144 kontrastowych lub w druku powi\u0119kszonym dla os\u00f3b niewidomych i s\u0142abowidz\u0105cych.<\/li>\n<li>Brak mo\u017cliwo\u015bci skorzystania z bezp\u0142atnych us\u0142ug t\u0142umacza migowego.<\/li>\n<\/ul>\n<p>&nbsp;<\/p>\n<p><strong>Filia w Pruchnej przy ul. G\u0142\u00f3wnej 53 w Pruchnej<\/strong><\/p>\n<p>&nbsp;<\/p>\n<ul>\n<li>Zarz\u0105dc\u0105 budynku jest Zak\u0142ad Gospodarki Komunalnej i Mieszkaniowej w Strumieniu.<\/li>\n<li>Do budynku prowadzi jedno wej\u015bcie od ulicy Nowej.<\/li>\n<li>Siedziba filii zlokalizowana jest na poziomie niskiego parteru, co umo\u017cliwia wjazd w\u00f3zkom inwalidzkim.<\/li>\n<li>Nad wej\u015bciem nie ma g\u0142o\u015bnik\u00f3w naprowadzaj\u0105cych d\u017awi\u0119kowo osoby niewidome i s\u0142abowidz\u0105ce.<\/li>\n<li>W budynku nie ma toalety dla os\u00f3b niepe\u0142nosprawnych.<\/li>\n<li>\u00a0Przed budynkiem brak wyznaczonego miejsca parkingowego dla os\u00f3b z \u00a0\u00a0niepe\u0142nosprawno\u015bciami<\/li>\n<li>Do pomieszcze\u0144 biblioteki mo\u017cna wej\u015b\u0107 z psem asystuj\u0105cym i psem przewodnikiem.<\/li>\n<li>W budynku nie ma oznacze\u0144 w alfabecie brajla ani oznacze\u0144 kontrastowych lub w druku powi\u0119kszonym dla os\u00f3b niewidomych i s\u0142abowidz\u0105cych.<\/li>\n<li>Brak mo\u017cliwo\u015bci skorzystania z bezp\u0142atnych us\u0142ug t\u0142umacza migowego.<\/li>\n<\/ul>\n<p>&nbsp;<\/p>\n<p><strong>Filia w Zbytkowie przy ul. Wyzwolenia 52 w Zbytkowie<\/strong><\/p>\n<p><strong>\u00a0<\/strong><\/p>\n<ul>\n<li>Zarz\u0105dc\u0105 budynku jest Ochotnicza Stra\u017c Po\u017carna w Zbytkowie.<\/li>\n<li>Do budynku prowadzi jedno wej\u015bcie.<\/li>\n<li>Do budynku prowadz\u0105 schody.<\/li>\n<li>Nad wej\u015bciami nie ma g\u0142o\u015bnik\u00f3w naprowadzaj\u0105cych d\u017awi\u0119kowo osoby niewidome i s\u0142abowidz\u0105ce.<\/li>\n<li>Budynek nie ma dost\u0119pu dla os\u00f3b na w\u00f3zkach.<\/li>\n<li>W budynku nie ma toalety dla os\u00f3b niepe\u0142nosprawnych.<\/li>\n<li>Przed budynkiem brak wyznaczonego miejsca parkingowego dla os\u00f3b z niepe\u0142nosprawno\u015bciami.<\/li>\n<li>Do pomieszcze\u0144 biblioteki mo\u017cna wej\u015b\u0107 z psem asystuj\u0105cym i psem przewodnikiem.<\/li>\n<li>W budynku nie ma oznacze\u0144 w alfabecie brajla ani oznacze\u0144 kontrastowych lub w druku powi\u0119kszonym dla os\u00f3b niewidomych i s\u0142abowidz\u0105cych.<\/li>\n<li>Brak mo\u017cliwo\u015bci skorzystania z bezp\u0142atnych us\u0142ug t\u0142umacza migowego.<\/li>\n<\/ul>\n<p><strong>\u00a0<\/strong><\/p>\n<\/section>\n<section id=\"a11y-komunikacja\">\n<h3>Dost\u0119pno\u015b\u0107 komunikacyjno-informacyjna<\/h3>\n<p>W budynkach nie ma p\u0119tli indukcyjnych. Nie ma mo\u017cliwo\u015bci skorzystania z pomocy t\u0142umacza polskiego j\u0119zyka migowego (PJM).<\/p>\n<\/section>\n<p>&nbsp;<\/p>\n<p>&nbsp;<\/p>\n<p><strong>Miejska Biblioteka Publiczna w Strumieniu<\/strong><\/p>\n<ol>\n<li>M\u0142y\u0144ska 10, 43-246 Strumie\u0144,<\/li>\n<\/ol>\n<p>tel.: +48 33 8570 045<\/p>\n<p>e-mail: biblioteka@um.strumien.pl<\/p>\n<p>&nbsp;<\/p>\n<p>&nbsp;<\/p>\n<p>&nbsp;<\/p>\n","protected":false},"excerpt":{"rendered":"<p>Deklaracja dost\u0119pno\u015bci Stan dost\u0119pno\u015bci cyfrowej\u00a0\u00a0Biblioteka Publiczna w Strumieniu WST\u0118P DEKLARACJI Miejska Biblioteka Publiczna w Strumieniu zobowi\u0105zuje si\u0119 zapewni\u0107 dost\u0119pno\u015b\u0107 swojej<\/p>\n","protected":false},"author":1,"featured_media":0,"parent":0,"menu_order":0,"comment_status":"closed","ping_status":"closed","template":"","meta":{"colormag_page_container_layout":"default_layout","colormag_page_sidebar_layout":"default_layout","footnotes":""},"class_list":["post-15445","page","type-page","status-publish","hentry"],"_links":{"self":[{"href":"https:\/\/biblioteka-strumien.pl\/index.php\/wp-json\/wp\/v2\/pages\/15445","targetHints":{"allow":["GET"]}}],"collection":[{"href":"https:\/\/biblioteka-strumien.pl\/index.php\/wp-json\/wp\/v2\/pages"}],"about":[{"href":"https:\/\/biblioteka-strumien.pl\/index.php\/wp-json\/wp\/v2\/types\/page"}],"author":[{"embeddable":true,"href":"https:\/\/biblioteka-strumien.pl\/index.php\/wp-json\/wp\/v2\/users\/1"}],"replies":[{"embeddable":true,"href":"https:\/\/biblioteka-strumien.pl\/index.php\/wp-json\/wp\/v2\/comments?post=15445"}],"version-history":[{"count":0,"href":"https:\/\/biblioteka-strumien.pl\/index.php\/wp-json\/wp\/v2\/pages\/15445\/revisions"}],"wp:attachment":[{"href":"https:\/\/biblioteka-strumien.pl\/index.php\/wp-json\/wp\/v2\/media?parent=15445"}],"curies":[{"name":"wp","href":"https:\/\/api.w.org\/{rel}","templated":true}]}}